{"id":396,"date":"2024-01-24T16:07:43","date_gmt":"2024-01-24T16:07:43","guid":{"rendered":"https:\/\/zimmereinutz.de\/?page_id=396"},"modified":"2024-01-26T16:28:53","modified_gmt":"2024-01-26T16:28:53","slug":"wartungs-und-reparaturarbeiten","status":"publish","type":"page","link":"https:\/\/zimmereinutz.de\/?page_id=396","title":{"rendered":"Wartungs-und Reparaturarbeiten"},"content":{"rendered":"\n<p style=\"padding-top:var(--wp--preset--spacing--30);padding-bottom:var(--wp--preset--spacing--30)\">Ich f\u00fchre ein breites Spektrum an Wartungs- und Reparaturarbeiten am Dach durch. Von verstopften Regenrinnen \u00fcber undichte Dachfl\u00e4chenfenster und verrutschte Dachziegel bis zur statischen Ert\u00fcchtigung gesch\u00e4digter Dachst\u00fchle ist mir kein Auftrag zu klein.<\/p>\n\n\n\n<div class=\"wp-block-media-text is-stacked-on-mobile\"><figure class=\"wp-block-media-text__media\"><img loading=\"lazy\" decoding=\"async\" width=\"1024\" height=\"768\" src=\"http:\/\/zimmereinutz.de\/wp-content\/uploads\/2024\/01\/20221003_095633-1024x768.jpg\" alt=\"\" class=\"wp-image-398 size-full\" srcset=\"https:\/\/zimmereinutz.de\/wp-content\/uploads\/2024\/01\/20221003_095633-1024x768.jpg 1024w, https:\/\/zimmereinutz.de\/wp-content\/uploads\/2024\/01\/20221003_095633-300x225.jpg 300w, https:\/\/zimmereinutz.de\/wp-content\/uploads\/2024\/01\/20221003_095633-768x576.jpg 768w, https:\/\/zimmereinutz.de\/wp-content\/uploads\/2024\/01\/20221003_095633-1536x1152.jpg 1536w, https:\/\/zimmereinutz.de\/wp-content\/uploads\/2024\/01\/20221003_095633-2048x1536.jpg 2048w\" sizes=\"auto, (max-width: 1024px) 100vw, 1024px\" \/><\/figure><div class=\"wp-block-media-text__content\">\n<p>Ein verfaulter Sparrenkopf&#8230;<\/p>\n<\/div><\/div>\n\n\n\n<div class=\"wp-block-media-text is-stacked-on-mobile\"><figure class=\"wp-block-media-text__media\"><img loading=\"lazy\" decoding=\"async\" width=\"768\" height=\"1024\" src=\"http:\/\/zimmereinutz.de\/wp-content\/uploads\/2024\/01\/20221003_121650-768x1024.jpg\" alt=\"\" class=\"wp-image-399 size-full\" srcset=\"https:\/\/zimmereinutz.de\/wp-content\/uploads\/2024\/01\/20221003_121650-768x1024.jpg 768w, https:\/\/zimmereinutz.de\/wp-content\/uploads\/2024\/01\/20221003_121650-225x300.jpg 225w, https:\/\/zimmereinutz.de\/wp-content\/uploads\/2024\/01\/20221003_121650-1152x1536.jpg 1152w, https:\/\/zimmereinutz.de\/wp-content\/uploads\/2024\/01\/20221003_121650-1536x2048.jpg 1536w, https:\/\/zimmereinutz.de\/wp-content\/uploads\/2024\/01\/20221003_121650-scaled.jpg 1920w\" sizes=\"auto, (max-width: 768px) 100vw, 768px\" \/><\/figure><div class=\"wp-block-media-text__content\">\n<p>&#8230; wird durch Anlaschen verst\u00e4rkt.<\/p>\n<\/div><\/div>\n","protected":false},"excerpt":{"rendered":"<p>Ich f\u00fchre ein breites Spektrum an Wartungs- und Reparaturarbeiten am Dach durch. Von verstopften Regenrinnen \u00fcber undichte Dachfl\u00e4chenfenster und verrutschte Dachziegel bis zur statischen Ert\u00fcchtigung gesch\u00e4digter Dachst\u00fchle ist mir kein Auftrag zu klein. Ein verfaulter Sparrenkopf&#8230; &#8230; wird durch Anlaschen verst\u00e4rkt.<\/p>\n","protected":false},"author":1,"featured_media":0,"parent":0,"menu_order":0,"comment_status":"closed","ping_status":"closed","template":"","meta":{"_monsterinsights_skip_tracking":false,"_monsterinsights_sitenote_active":false,"_monsterinsights_sitenote_note":"","_monsterinsights_sitenote_category":0,"footnotes":""},"class_list":["post-396","page","type-page","status-publish","hentry"],"aioseo_notices":[],"_links":{"self":[{"href":"https:\/\/zimmereinutz.de\/index.php?rest_route=\/wp\/v2\/pages\/396","targetHints":{"allow":["GET"]}}],"collection":[{"href":"https:\/\/zimmereinutz.de\/index.php?rest_route=\/wp\/v2\/pages"}],"about":[{"href":"https:\/\/zimmereinutz.de\/index.php?rest_route=\/wp\/v2\/types\/page"}],"author":[{"embeddable":true,"href":"https:\/\/zimmereinutz.de\/index.php?rest_route=\/wp\/v2\/users\/1"}],"replies":[{"embeddable":true,"href":"https:\/\/zimmereinutz.de\/index.php?rest_route=%2Fwp%2Fv2%2Fcomments&post=396"}],"version-history":[{"count":5,"href":"https:\/\/zimmereinutz.de\/index.php?rest_route=\/wp\/v2\/pages\/396\/revisions"}],"predecessor-version":[{"id":460,"href":"https:\/\/zimmereinutz.de\/index.php?rest_route=\/wp\/v2\/pages\/396\/revisions\/460"}],"wp:attachment":[{"href":"https:\/\/zimmereinutz.de\/index.php?rest_route=%2Fwp%2Fv2%2Fmedia&parent=396"}],"curies":[{"name":"wp","href":"https:\/\/api.w.org\/{rel}","templated":true}]}}