{"id":386,"date":"2024-01-24T15:08:38","date_gmt":"2024-01-24T15:08:38","guid":{"rendered":"https:\/\/zimmereinutz.de\/?page_id=386"},"modified":"2024-01-26T16:34:29","modified_gmt":"2024-01-26T16:34:29","slug":"konstruktiver-holzbau","status":"publish","type":"page","link":"https:\/\/zimmereinutz.de\/?page_id=386","title":{"rendered":"Konstruktiver Holzbau"},"content":{"rendered":"\n<p style=\"padding-top:var(--wp--preset--spacing--30);padding-bottom:var(--wp--preset--spacing--30)\">Holz ist ein Baumaterial, das \u00fcber Jahrhunderte tragf\u00e4hig sein kann. Ich f\u00fchre An- und Umbauten professionell aus, sodass sch\u00f6ne und dauerhafte Bauwerke aus Holz entstehen. Unter anderem biete ich folgende Holzkonstruktionen an: <br>  &#8211; Gauben<br>  &#8211; Terrassen<br>  &#8211; Balkone<br>  &#8211; Holzbalkendecken<\/p>\n\n\n\n<div class=\"wp-block-media-text is-stacked-on-mobile\"><figure class=\"wp-block-media-text__media\"><img loading=\"lazy\" decoding=\"async\" width=\"1024\" height=\"768\" src=\"http:\/\/zimmereinutz.de\/wp-content\/uploads\/2023\/12\/20230607_075335-1-1024x768.jpg\" alt=\"\" class=\"wp-image-9 size-full\" srcset=\"https:\/\/zimmereinutz.de\/wp-content\/uploads\/2023\/12\/20230607_075335-1-1024x768.jpg 1024w, https:\/\/zimmereinutz.de\/wp-content\/uploads\/2023\/12\/20230607_075335-1-300x225.jpg 300w, https:\/\/zimmereinutz.de\/wp-content\/uploads\/2023\/12\/20230607_075335-1-768x576.jpg 768w, https:\/\/zimmereinutz.de\/wp-content\/uploads\/2023\/12\/20230607_075335-1-1536x1152.jpg 1536w, https:\/\/zimmereinutz.de\/wp-content\/uploads\/2023\/12\/20230607_075335-1-2048x1536.jpg 2048w\" sizes=\"auto, (max-width: 1024px) 100vw, 1024px\" \/><\/figure><div class=\"wp-block-media-text__content\">\n<p>Gauben schaffen Raumh\u00f6he und Tageslicht im Dachgeschoss.<\/p>\n<\/div><\/div>\n\n\n\n<div class=\"wp-block-media-text is-stacked-on-mobile\"><figure class=\"wp-block-media-text__media\"><img loading=\"lazy\" decoding=\"async\" width=\"768\" height=\"1024\" src=\"http:\/\/zimmereinutz.de\/wp-content\/uploads\/2024\/01\/Holzbalkendecke-768x1024.jpg\" alt=\"\" class=\"wp-image-387 size-full\" srcset=\"https:\/\/zimmereinutz.de\/wp-content\/uploads\/2024\/01\/Holzbalkendecke-768x1024.jpg 768w, https:\/\/zimmereinutz.de\/wp-content\/uploads\/2024\/01\/Holzbalkendecke-225x300.jpg 225w, https:\/\/zimmereinutz.de\/wp-content\/uploads\/2024\/01\/Holzbalkendecke-1152x1536.jpg 1152w, https:\/\/zimmereinutz.de\/wp-content\/uploads\/2024\/01\/Holzbalkendecke-1536x2048.jpg 1536w, https:\/\/zimmereinutz.de\/wp-content\/uploads\/2024\/01\/Holzbalkendecke-scaled.jpg 1920w\" sizes=\"auto, (max-width: 768px) 100vw, 768px\" \/><\/figure><div class=\"wp-block-media-text__content\">\n<p>Holzbalkendecken geh\u00f6ren zu den g\u00e4ngigsten Deckenkonstruktionen.<\/p>\n<\/div><\/div>\n","protected":false},"excerpt":{"rendered":"<p>Holz ist ein Baumaterial, das \u00fcber Jahrhunderte tragf\u00e4hig sein kann. Ich f\u00fchre An- und Umbauten professionell aus, sodass sch\u00f6ne und dauerhafte Bauwerke aus Holz entstehen. Unter anderem biete ich folgende Holzkonstruktionen an: &#8211; Gauben &#8211; Terrassen &#8211; Balkone &#8211; Holzbalkendecken Gauben schaffen Raumh\u00f6he und Tageslicht im Dachgeschoss. Holzbalkendecken geh\u00f6ren zu den g\u00e4ngigsten Deckenkonstruktionen.<\/p>\n","protected":false},"author":1,"featured_media":0,"parent":0,"menu_order":0,"comment_status":"closed","ping_status":"closed","template":"","meta":{"_monsterinsights_skip_tracking":false,"_monsterinsights_sitenote_active":false,"_monsterinsights_sitenote_note":"","_monsterinsights_sitenote_category":0,"footnotes":""},"class_list":["post-386","page","type-page","status-publish","hentry"],"aioseo_notices":[],"_links":{"self":[{"href":"https:\/\/zimmereinutz.de\/index.php?rest_route=\/wp\/v2\/pages\/386","targetHints":{"allow":["GET"]}}],"collection":[{"href":"https:\/\/zimmereinutz.de\/index.php?rest_route=\/wp\/v2\/pages"}],"about":[{"href":"https:\/\/zimmereinutz.de\/index.php?rest_route=\/wp\/v2\/types\/page"}],"author":[{"embeddable":true,"href":"https:\/\/zimmereinutz.de\/index.php?rest_route=\/wp\/v2\/users\/1"}],"replies":[{"embeddable":true,"href":"https:\/\/zimmereinutz.de\/index.php?rest_route=%2Fwp%2Fv2%2Fcomments&post=386"}],"version-history":[{"count":5,"href":"https:\/\/zimmereinutz.de\/index.php?rest_route=\/wp\/v2\/pages\/386\/revisions"}],"predecessor-version":[{"id":467,"href":"https:\/\/zimmereinutz.de\/index.php?rest_route=\/wp\/v2\/pages\/386\/revisions\/467"}],"wp:attachment":[{"href":"https:\/\/zimmereinutz.de\/index.php?rest_route=%2Fwp%2Fv2%2Fmedia&parent=386"}],"curies":[{"name":"wp","href":"https:\/\/api.w.org\/{rel}","templated":true}]}}