{"id":23,"date":"2023-12-11T18:27:46","date_gmt":"2023-12-11T18:27:46","guid":{"rendered":"https:\/\/zimmereinutz.de\/?page_id=23"},"modified":"2024-01-29T08:44:44","modified_gmt":"2024-01-29T08:44:44","slug":"uber-mich","status":"publish","type":"page","link":"https:\/\/zimmereinutz.de\/?page_id=23","title":{"rendered":"\u00dcber mich"},"content":{"rendered":"\n<div class=\"wp-block-media-text is-stacked-on-mobile\"><figure class=\"wp-block-media-text__media\"><img loading=\"lazy\" decoding=\"async\" width=\"768\" height=\"1024\" src=\"http:\/\/zimmereinutz.de\/wp-content\/uploads\/2024\/01\/aufm-dach-768x1024.jpg\" alt=\"\" class=\"wp-image-414 size-full\" srcset=\"https:\/\/zimmereinutz.de\/wp-content\/uploads\/2024\/01\/aufm-dach-768x1024.jpg 768w, https:\/\/zimmereinutz.de\/wp-content\/uploads\/2024\/01\/aufm-dach-225x300.jpg 225w, https:\/\/zimmereinutz.de\/wp-content\/uploads\/2024\/01\/aufm-dach-1152x1536.jpg 1152w, https:\/\/zimmereinutz.de\/wp-content\/uploads\/2024\/01\/aufm-dach.jpg 1536w\" sizes=\"auto, (max-width: 768px) 100vw, 768px\" \/><\/figure><div class=\"wp-block-media-text__content\">\n<p>Ich bin Zimmerer aus Leidenschaft. Der Beruf fasziniert mich, seit ich als Jugendlicher in den 2000er Jahren meinem Bruder, ebenfalls Zimmerer, auf Baustellen helfen durfte. Ich entschied mich 2010, einer anderen Faszination zu folgen und begann das Studium der Physik, das mich \u00fcber Master und Promotion im Jahr 2017 zu einer Anstellung als Forscher am Imperial College in London f\u00fchrte. In diesem akademischen Leben wurde mir jedoch bewusst, dass meine Begeisterung f\u00fcr Holz und Handwerk nicht vergangen war und gro\u00dfes Gl\u00fcck f\u00fcr mich bedeutet. Deshalb entschied ich mich nach einer Zeit als Hilfsarbeiter zu einer Ausbildung zum Zimmerer bei Mio Holzbau in St. Peter bei Freiburg, die ich im Februar 2022 erfolgreich abschloss. Bei Mio Holzbau erlebte ich, wie Holzhandwerk, \u00d6kologie, und sch\u00f6nes Wohnen eine wundervolle Synergie entwickeln und beschloss im Fr\u00fchjahr 2023, diese Art des Bauens als selbst\u00e4ndiger Zimmerer weiterzuf\u00fchren. Ich f\u00fchrte meine erste komplette Dachsanierung im Sommer und Herbst 2023 in Sch\u00f6nau im Schwarzwald aus und freue mich auf weitere spannende Projekte.<\/p>\n<\/div><\/div>\n","protected":false},"excerpt":{"rendered":"<p>Ich bin Zimmerer aus Leidenschaft. Der Beruf fasziniert mich, seit ich als Jugendlicher in den 2000er Jahren meinem Bruder, ebenfalls Zimmerer, auf Baustellen helfen durfte. Ich entschied mich 2010, einer anderen Faszination zu folgen und begann das Studium der Physik, das mich \u00fcber Master und Promotion im Jahr 2017 zu einer Anstellung als Forscher am [&hellip;]<\/p>\n","protected":false},"author":1,"featured_media":0,"parent":0,"menu_order":0,"comment_status":"closed","ping_status":"closed","template":"","meta":{"_monsterinsights_skip_tracking":false,"_monsterinsights_sitenote_active":false,"_monsterinsights_sitenote_note":"","_monsterinsights_sitenote_category":0,"footnotes":""},"class_list":["post-23","page","type-page","status-publish","hentry"],"aioseo_notices":[],"_links":{"self":[{"href":"https:\/\/zimmereinutz.de\/index.php?rest_route=\/wp\/v2\/pages\/23","targetHints":{"allow":["GET"]}}],"collection":[{"href":"https:\/\/zimmereinutz.de\/index.php?rest_route=\/wp\/v2\/pages"}],"about":[{"href":"https:\/\/zimmereinutz.de\/index.php?rest_route=\/wp\/v2\/types\/page"}],"author":[{"embeddable":true,"href":"https:\/\/zimmereinutz.de\/index.php?rest_route=\/wp\/v2\/users\/1"}],"replies":[{"embeddable":true,"href":"https:\/\/zimmereinutz.de\/index.php?rest_route=%2Fwp%2Fv2%2Fcomments&post=23"}],"version-history":[{"count":24,"href":"https:\/\/zimmereinutz.de\/index.php?rest_route=\/wp\/v2\/pages\/23\/revisions"}],"predecessor-version":[{"id":474,"href":"https:\/\/zimmereinutz.de\/index.php?rest_route=\/wp\/v2\/pages\/23\/revisions\/474"}],"wp:attachment":[{"href":"https:\/\/zimmereinutz.de\/index.php?rest_route=%2Fwp%2Fv2%2Fmedia&parent=23"}],"curies":[{"name":"wp","href":"https:\/\/api.w.org\/{rel}","templated":true}]}}