{"id":14,"date":"2023-12-11T18:02:24","date_gmt":"2023-12-11T18:02:24","guid":{"rendered":"https:\/\/zimmereinutz.de\/?page_id=14"},"modified":"2024-01-26T16:46:04","modified_gmt":"2024-01-26T16:46:04","slug":"dachsanierung","status":"publish","type":"page","link":"https:\/\/zimmereinutz.de\/?page_id=14","title":{"rendered":"Dachsanierung"},"content":{"rendered":"\n<p style=\"padding-top:var(--wp--preset--spacing--30);padding-bottom:var(--wp--preset--spacing--30)\">Ich biete Sanierungsarbeiten am Dach in h\u00f6chster handwerklicher Qualit\u00e4t. Ob bei kleinen Wartungsarbeiten oder einer Komplettsanierung &#8211; meine Arbeit zeichnet durch dauerhafte, sinnvolle und \u00f6kologische L\u00f6sungen aus. <br>Durch eine energetische Dachsanierung wird oftmals ungem\u00fctlicher Dachraum zum angenehmsten Wohnraum des ganzen Hauses. Typischerweise wird bei einem solchen Vorhaben von au\u00dfen die alte Eindeckung und D\u00e4mmung entfernt. Daraufhin wird ein Dampfbremsvlies und neue D\u00e4mmung eingebaut und durch eine neue Dachhaut aus Unterdach, Lattung und Ziegeldeckung vor Witterung gesch\u00fctzt. Meist wird bei einer energetischen Dachsanierung die Chance genutzt, durch Dachfl\u00e4chenfenster Licht und Luft ins Haus zu holen.<br>Eine Dachsanierung schafft Wohnraum und spart Energie. Lassen Sie sich unverbindlich beraten!<\/p>\n\n\n\n<div class=\"wp-block-media-text is-stacked-on-mobile\"><figure class=\"wp-block-media-text__media\"><img loading=\"lazy\" decoding=\"async\" width=\"1024\" height=\"768\" src=\"http:\/\/zimmereinutz.de\/wp-content\/uploads\/2023\/12\/20230607_075335-1-1024x768.jpg\" alt=\"\" class=\"wp-image-9 size-full\" srcset=\"https:\/\/zimmereinutz.de\/wp-content\/uploads\/2023\/12\/20230607_075335-1-1024x768.jpg 1024w, https:\/\/zimmereinutz.de\/wp-content\/uploads\/2023\/12\/20230607_075335-1-300x225.jpg 300w, https:\/\/zimmereinutz.de\/wp-content\/uploads\/2023\/12\/20230607_075335-1-768x576.jpg 768w, https:\/\/zimmereinutz.de\/wp-content\/uploads\/2023\/12\/20230607_075335-1-1536x1152.jpg 1536w, https:\/\/zimmereinutz.de\/wp-content\/uploads\/2023\/12\/20230607_075335-1-2048x1536.jpg 2048w\" sizes=\"auto, (max-width: 1024px) 100vw, 1024px\" \/><\/figure><div class=\"wp-block-media-text__content\">\n<p>Dachstuhl nach dem Entfernen von Ziegeln und gesundheitssch\u00e4dlicher alter Mineralwolld\u00e4mmung.<\/p>\n<\/div><\/div>\n\n\n\n<div class=\"wp-block-media-text is-stacked-on-mobile\"><figure class=\"wp-block-media-text__media\"><img loading=\"lazy\" decoding=\"async\" width=\"1024\" height=\"768\" src=\"http:\/\/zimmereinutz.de\/wp-content\/uploads\/2023\/12\/20230626_141602_klein-2-1024x768.jpg\" alt=\"\" class=\"wp-image-34 size-full\" srcset=\"https:\/\/zimmereinutz.de\/wp-content\/uploads\/2023\/12\/20230626_141602_klein-2-1024x768.jpg 1024w, https:\/\/zimmereinutz.de\/wp-content\/uploads\/2023\/12\/20230626_141602_klein-2-300x225.jpg 300w, https:\/\/zimmereinutz.de\/wp-content\/uploads\/2023\/12\/20230626_141602_klein-2-768x576.jpg 768w, https:\/\/zimmereinutz.de\/wp-content\/uploads\/2023\/12\/20230626_141602_klein-2-1536x1152.jpg 1536w, https:\/\/zimmereinutz.de\/wp-content\/uploads\/2023\/12\/20230626_141602_klein-2-2048x1536.jpg 2048w\" sizes=\"auto, (max-width: 1024px) 100vw, 1024px\" \/><\/figure><div class=\"wp-block-media-text__content\">\n<p>Dampfbremsvlies und D\u00e4mmung aus Holzfaser zwischen den Sparren.<\/p>\n<\/div><\/div>\n\n\n\n<div class=\"wp-block-media-text is-stacked-on-mobile\"><figure class=\"wp-block-media-text__media\"><img loading=\"lazy\" decoding=\"async\" width=\"1024\" height=\"768\" src=\"http:\/\/zimmereinutz.de\/wp-content\/uploads\/2024\/01\/image.jpeg\" alt=\"This image has an empty alt attribute; its file name is 20231007_145245-1024x768.jpg\" class=\"wp-image-379 size-full\" srcset=\"https:\/\/zimmereinutz.de\/wp-content\/uploads\/2024\/01\/image.jpeg 1024w, https:\/\/zimmereinutz.de\/wp-content\/uploads\/2024\/01\/image-300x225.jpeg 300w, https:\/\/zimmereinutz.de\/wp-content\/uploads\/2024\/01\/image-768x576.jpeg 768w\" sizes=\"auto, (max-width: 1024px) 100vw, 1024px\" \/><\/figure><div class=\"wp-block-media-text__content\">\n<p>Neues Unterdach und Lattung vor dem Eindecken.<\/p>\n<\/div><\/div>\n\n\n\n<div class=\"wp-block-media-text is-stacked-on-mobile\"><figure class=\"wp-block-media-text__media\"><img loading=\"lazy\" decoding=\"async\" width=\"1024\" height=\"768\" src=\"http:\/\/zimmereinutz.de\/wp-content\/uploads\/2024\/01\/Sanierung-fertig-Barbisch-smudged-1024x768.jpg\" alt=\"\" class=\"wp-image-452 size-full\" srcset=\"https:\/\/zimmereinutz.de\/wp-content\/uploads\/2024\/01\/Sanierung-fertig-Barbisch-smudged-1024x768.jpg 1024w, https:\/\/zimmereinutz.de\/wp-content\/uploads\/2024\/01\/Sanierung-fertig-Barbisch-smudged-300x225.jpg 300w, https:\/\/zimmereinutz.de\/wp-content\/uploads\/2024\/01\/Sanierung-fertig-Barbisch-smudged-768x576.jpg 768w, https:\/\/zimmereinutz.de\/wp-content\/uploads\/2024\/01\/Sanierung-fertig-Barbisch-smudged-1536x1152.jpg 1536w, https:\/\/zimmereinutz.de\/wp-content\/uploads\/2024\/01\/Sanierung-fertig-Barbisch-smudged-2048x1536.jpg 2048w\" sizes=\"auto, (max-width: 1024px) 100vw, 1024px\" \/><\/figure><div class=\"wp-block-media-text__content\">\n<p>Dach einer energetisch sanierten Doppelhaush\u00e4lfte.<\/p>\n<\/div><\/div>\n","protected":false},"excerpt":{"rendered":"<p>Ich biete Sanierungsarbeiten am Dach in h\u00f6chster handwerklicher Qualit\u00e4t. Ob bei kleinen Wartungsarbeiten oder einer Komplettsanierung &#8211; meine Arbeit zeichnet durch dauerhafte, sinnvolle und \u00f6kologische L\u00f6sungen aus. Durch eine energetische Dachsanierung wird oftmals ungem\u00fctlicher Dachraum zum angenehmsten Wohnraum des ganzen Hauses. Typischerweise wird bei einem solchen Vorhaben von au\u00dfen die alte Eindeckung und D\u00e4mmung entfernt. [&hellip;]<\/p>\n","protected":false},"author":1,"featured_media":0,"parent":0,"menu_order":0,"comment_status":"closed","ping_status":"closed","template":"","meta":{"_monsterinsights_skip_tracking":false,"_monsterinsights_sitenote_active":false,"_monsterinsights_sitenote_note":"","_monsterinsights_sitenote_category":0,"footnotes":""},"class_list":["post-14","page","type-page","status-publish","hentry"],"aioseo_notices":[],"_links":{"self":[{"href":"https:\/\/zimmereinutz.de\/index.php?rest_route=\/wp\/v2\/pages\/14","targetHints":{"allow":["GET"]}}],"collection":[{"href":"https:\/\/zimmereinutz.de\/index.php?rest_route=\/wp\/v2\/pages"}],"about":[{"href":"https:\/\/zimmereinutz.de\/index.php?rest_route=\/wp\/v2\/types\/page"}],"author":[{"embeddable":true,"href":"https:\/\/zimmereinutz.de\/index.php?rest_route=\/wp\/v2\/users\/1"}],"replies":[{"embeddable":true,"href":"https:\/\/zimmereinutz.de\/index.php?rest_route=%2Fwp%2Fv2%2Fcomments&post=14"}],"version-history":[{"count":11,"href":"https:\/\/zimmereinutz.de\/index.php?rest_route=\/wp\/v2\/pages\/14\/revisions"}],"predecessor-version":[{"id":468,"href":"https:\/\/zimmereinutz.de\/index.php?rest_route=\/wp\/v2\/pages\/14\/revisions\/468"}],"wp:attachment":[{"href":"https:\/\/zimmereinutz.de\/index.php?rest_route=%2Fwp%2Fv2%2Fmedia&parent=14"}],"curies":[{"name":"wp","href":"https:\/\/api.w.org\/{rel}","templated":true}]}}